{"id":1469,"date":"2022-11-08T11:48:23","date_gmt":"2022-11-08T10:48:23","guid":{"rendered":"https:\/\/www.ktb.lu\/career\/"},"modified":"2023-01-04T11:28:00","modified_gmt":"2023-01-04T10:28:00","slug":"carriere","status":"publish","type":"page","link":"https:\/\/www.ktb.lu\/fr\/carriere\/","title":{"rendered":"Carri\u00e8re"},"content":{"rendered":"<p><\/p>\n<!--themify_builder_content-->\n<div id=\"themify_builder_content-1469\" data-postid=\"1469\" class=\"themify_builder_content themify_builder_content-1469 themify_builder tf_clear\">\n    \t\t\t<!-- module_row -->\n\t<div  data-lazy=\"1\" class=\"module_row themify_builder_row tb_2f73454 tb_first tf_w tf_clearfix\">\n\t    \t\t\t<div class=\"row_inner col_align_top tb_col_count_1 tf_box tf_rel\">\n\t\t            <div  data-lazy=\"1\" class=\"module_column tb-column col-full tb_f5e79f6 first\">\n                                                        <div class=\"tb-column-inner tf_box tf_w\">\n                        <!-- module text -->\n<div  class=\"module module-text tb_555b6ae  repeat \" data-lazy=\"1\">\n        <div  class=\"tb_text_wrap\">\n    <h1>Carri\u00e8re<\/h1>    <\/div>\n<\/div>\n<!-- \/module text -->                    <\/div><!-- .tb-column-inner -->\n                            <\/div><!-- .module_column -->\n            \t    <\/div><!-- .row_inner -->\n\t<\/div><!-- .module_row -->\n\t\t\t\t<!-- module_row -->\n\t<div  data-lazy=\"1\" class=\"module_row themify_builder_row tb_ozad407 tf_w tf_clearfix\">\n\t    \t\t\t<div class=\"row_inner col_align_top tb_col_count_2 tf_box tf_rel\">\n\t\t            <div  data-lazy=\"1\" class=\"module_column tb-column col4-2 tb_f1it356 first\">\n                                                        <div class=\"tb-column-inner tf_box tf_w\">\n                        <!-- module text -->\n<div  class=\"module module-text tb_i9pz356    wow\" data-tf-animation=\"bounceInLeft\" data-lazy=\"1\">\n        <div  class=\"tb_text_wrap\">\n    <p>Si vous souhaitez travailler dans une entreprise dynamique et en croissance qui valorise les comp\u00e9tences et le d\u00e9vouement, songez \u00e0 vous joindre \u00e0 notre \u00e9quipe. Nous r\u00e9compensons la haute performance et appr\u00e9cions la volont\u00e9 d\u2019apprendre. Si vous souhaitez contribuer \u00e0 la croissance de notre entreprise et prioriser la satisfaction de nos clients, postulez ci-dessous.<\/p>    <\/div>\n<\/div>\n<!-- \/module text --><!-- module text -->\n<div  class=\"module module-text tb_nus0356  repeat  wow\" data-tf-animation=\"bounceInLeft\" data-tf-animation_delay=\"1\" data-lazy=\"1\">\n        <div  class=\"tb_text_wrap\">\n    <p style=\"text-align: left;\"><span style=\"color: #000000; font-family: Lato, sans-serif; letter-spacing: -0.768px;text-transform:uppercase;\">Commencez votre parcours d\u00e8s maintenant et rejoignez notre \u00e9quipe.<\/span><\/p>\n    <\/div>\n<\/div>\n<!-- \/module text -->                    <\/div><!-- .tb-column-inner -->\n                            <\/div><!-- .module_column -->\n                        <div  data-lazy=\"1\" class=\"module_column tb-column col4-2 tb_aktg410 last\">\n                                                        <div class=\"tb-column-inner tf_box tf_w\">\n                        <!-- module image -->\n<div  class=\"module module-image tb_raa7410   image-center tf_mw\" data-lazy=\"1\" data-lax-translate-y=\"(vh*0.7) 0,(vh*0) -70\" data-lax=\"true\">\n        <div class=\"image-wrap tf_rel tf_mw\">\n\t\t    <img loading=\"lazy\" decoding=\"async\" src=\"https:\/\/www.ktb.lu\/wp-content\/uploads\/2022\/11\/ktb-car-2.jpeg\" width=\"1024\" height=\"768\" title=\"Carri\u00e8re\" alt=\"Carri\u00e8re\">\t\n\t\t<\/div>\n\t<!-- \/image-wrap -->\n    \n    \t<\/div>\n<!-- \/module image -->                    <\/div><!-- .tb-column-inner -->\n                            <\/div><!-- .module_column -->\n            \t    <\/div><!-- .row_inner -->\n\t<\/div><!-- .module_row -->\n\t\t\t\t<!-- module_row -->\n\t<div  data-lazy=\"1\" class=\"module_row themify_builder_row tb_4lv1284 tf_w tf_clearfix\">\n\t    \t\t\t<div class=\"row_inner col_align_top tb_col_count_1 tf_box tf_rel\">\n\t\t            <div  data-lazy=\"1\" class=\"module_column tb-column col-full tb_7mz3285 first\">\n                                                        <div class=\"tb-column-inner tf_box tf_w\">\n                        <!-- module text -->\n<div  class=\"module module-text tb_jvm7453  repeat  wow\" data-tf-animation=\"bounceInUp\" data-lazy=\"1\">\n        <div  class=\"tb_text_wrap\">\n    <p class=\"ewa-rteLine\"><div class='fluentform fluentform_wrapper_5'><form data-form_id=\"5\" id=\"fluentform_5\" class=\"frm-fluent-form fluent_form_5 ff-el-form-top ff_form_instance_5_1 ff-form-loading\" data-form_instance=\"ff_form_instance_5_1\" method=\"POST\" ><fieldset style=\"border: none!important;margin: 0!important;padding: 0!important;background-color: transparent!important;box-shadow: none!important;outline: none!important; min-inline-size: 100%;\">\n                    <legend class=\"ff_screen_reader_title\" style=\"display: block; margin: 0!important;padding: 0!important;height: 0!important;text-indent: -999999px;width: 0!important;overflow:hidden;\">Contact Form - Application - FR<\/legend><input type='hidden' name='__fluent_form_embded_post_id' value='1469' \/><input type=\"hidden\" id=\"_fluentform_5_fluentformnonce\" name=\"_fluentform_5_fluentformnonce\" value=\"69443f3b1e\" \/><input type=\"hidden\" name=\"_wp_http_referer\" value=\"\/fr\/wp-json\/wp\/v2\/pages\/1469\" \/><div data-type=\"name-element\" data-name=\"names\" class=\" ff-field_container ff-name-field-wrapper\" ><div class='ff-t-container'><div class='ff-t-cell '><div class='ff-el-group  ff-el-form-hide_label'><div class=\"ff-el-input--label asterisk-right\"><label for='ff_5_names_first_name_' aria-label=\"Pr\u00e9nom\">Pr\u00e9nom<\/label><\/div><div class='ff-el-input--content'><input type=\"text\" name=\"names[first_name]\" id=\"ff_5_names_first_name_\" class=\"ff-el-form-control\" placeholder=\"Pr\u00e9nom\" aria-invalid=\"false\" aria-required=false><\/div><\/div><\/div><div class='ff-t-cell '><div class='ff-el-group  ff-el-form-hide_label'><div class=\"ff-el-input--label asterisk-right\"><label for='ff_5_names_last_name_' aria-label=\"Nom\">Nom<\/label><\/div><div class='ff-el-input--content'><input type=\"text\" name=\"names[last_name]\" id=\"ff_5_names_last_name_\" class=\"ff-el-form-control\" placeholder=\"Nom\" aria-invalid=\"false\" aria-required=false><\/div><\/div><\/div><\/div><\/div><div data-name=\"ff_cn_id_1\"  class='ff-t-container ff-column-container ff_columns_total_2  '><div class='ff-t-cell ff-t-column-1' style='flex-basis: 50%;'><div class='ff-el-group ff-el-form-hide_label'><div class=\"ff-el-input--label ff-el-is-required asterisk-right\"><label for='ff_5_email' aria-label=\"Adresse e-mail\">Adresse e-mail<\/label><\/div><div class='ff-el-input--content'><input type=\"email\" name=\"email\" id=\"ff_5_email\" class=\"ff-el-form-control\" placeholder=\"Adresse e-mail\" data-name=\"email\"  aria-invalid=\"false\" aria-required=true><\/div><\/div><\/div><div class='ff-t-cell ff-t-column-2' style='flex-basis: 50%;'><div class='ff-el-group ff-el-form-hide_label'><div class=\"ff-el-input--label ff-el-is-required asterisk-right\"><label for='ff_5_input_text' aria-label=\"T\u00e9l\u00e9phone\">T\u00e9l\u00e9phone<\/label><\/div><div class='ff-el-input--content'><input type=\"text\" name=\"input_text\" class=\"ff-el-form-control\" placeholder=\"T\u00e9l\u00e9phone\" data-name=\"input_text\" id=\"ff_5_input_text\"  aria-invalid=\"false\" aria-required=true><\/div><\/div><\/div><\/div><div class='ff-el-group'><div class=\"ff-el-input--label asterisk-right\"><label for='ff_5_file-upload_1' aria-label=\"T\u00e9l\u00e9chargement de fichiers\">T\u00e9l\u00e9chargement de fichiers<\/label><\/div><div class='ff-el-input--content'><label for='ff_5_file-upload_1' class='ff_file_upload_holder'><span class='ff_upload_btn ff-btn'>Choisir le fichier<\/span> <input type=\"file\" name=\"file-upload\" id=\"ff_5_file-upload_1\" class=\"ff-el-form-control  ff-screen-reader-element\" data-name=\"file-upload\" multiple=\"1\"  aria-invalid='false' aria-required=false><\/label><\/div><\/div><div class='ff-el-group ff-el-form-hide_label'><div class=\"ff-el-input--label ff-el-is-required asterisk-right\"><label for='ff_5_message' aria-label=\"Votre message\">Votre message<\/label><\/div><div class='ff-el-input--content'><textarea aria-invalid=\"false\" aria-required=true name=\"message\" id=\"ff_5_message\" class=\"ff-el-form-control\" placeholder=\"Votre message\" rows=\"3\" cols=\"2\" data-name=\"message\" ><\/textarea><\/div><\/div><div class='ff-el-group  ff-custom_html' data-name=\"custom_html-5_1\" ><p style=\"font-size: 0.8em;line-height: 120%;margin-bottom: 10px\"><strong><label class=\"control-label\" for=\"field_extra_tb_1qup145_1\">Le gestionnaire des donn\u00e9es personnelles que vous avez fournies est K.T.B. Montage S.\u00e0.r.l., ci-apr\u00e8s d\u00e9nomm\u00e9 \u00ab gestionnaire \u00bb ou \u00ab soci\u00e9t\u00e9 \u00bb.<\/label><\/strong><\/p>\n<div class=\"control-input tf_rel\" style=\"font-size: 0.8em;line-height: 120%\">Vos donn\u00e9es personnelles sont collect\u00e9es dans le but de vous envoyer des informations commerciales par K.T.B. Montage S.\u00e0.r.l. en r\u00e9ponse \u00e0 votre demande. Vous avez le droit de demander l\u2019acc\u00e8s, la rectification, l\u2019effacement, l\u2019opposition, la portabilit\u00e9 ou la restriction du traitement. Pour exercer l\u2019un de vos droits, veuillez adresser un courriel \u00e0 : devis@ktb.com. La communication des donn\u00e9s est volontaire et le manquement \u00e0 cette obligation aura pour  cons\u00e9quence de ne pas recevoir de contenu commercial.<\/div><\/div><div class='ff-el-group    ff-el-input--content'><div class='ff-el-form-check ff-el-tc'><label aria-label='terms & conditions' class='ff-el-form-check-label ff_tc_label' for=gdpr-agreement_9d3b2f040209f4b85957c36e2bba7d2b><span class='ff_tc_checkbox'><input type=\"checkbox\" name=\"gdpr-agreement\" class=\"ff-el-form-check-input ff_gdpr_field\" data-name=\"gdpr-agreement\" id=\"gdpr-agreement_9d3b2f040209f4b85957c36e2bba7d2b\"  value='on' aria-invalid='false' aria-required=true><\/span> <div class='ff_t_c'><p style=\"font-size: 0.8em;top: 0;position: relative;line-height: 120%;margin-bottom: 10px;left: 10px\"> J\u2019accepte que K.T.B Montage S.\u00e0.r.l. traite mes donn\u00e9es personnelles dans le but de commercialiser les produits et services propres \u00e0 KTB, notamment en me contactant par email\/sms\/mms. *<\/p><\/div><\/label><\/div><\/div><div class='ff-el-group ff-text-left ff_submit_btn_wrapper'><button type=\"submit\" class=\"ff-btn ff-btn-submit ff-btn-md ff_btn_no_style\" >Soumettre une demande<\/button><\/div><\/fieldset><\/form><div id='fluentform_5_errors' class='ff-errors-in-stack ff_form_instance_5_1 ff-form-loading_errors ff_form_instance_5_1_errors'><\/div><\/div>        <script type=\"text\/javascript\">\n            window.fluent_form_ff_form_instance_5_1 = {\"id\":\"5\",\"settings\":{\"layout\":{\"labelPlacement\":\"top\",\"helpMessagePlacement\":\"with_label\",\"errorMessagePlacement\":\"inline\",\"cssClassName\":\"\",\"asteriskPlacement\":\"asterisk-right\"},\"restrictions\":{\"denyEmptySubmission\":{\"enabled\":false}}},\"form_instance\":\"ff_form_instance_5_1\",\"form_id_selector\":\"fluentform_5\",\"rules\":{\"names[first_name]\":{\"required\":{\"value\":false,\"message\":\"This field is required\"}},\"names[middle_name]\":{\"required\":{\"value\":false,\"message\":\"This field is required\"}},\"names[last_name]\":{\"required\":{\"value\":false,\"message\":\"This field is required\"}},\"email\":{\"required\":{\"value\":true,\"message\":\"Ce champ est obligatoire\"},\"email\":{\"value\":true,\"message\":\"Ce champ doit contenir une adresse \\u00e9lectronique valide\"}},\"input_text\":{\"required\":{\"value\":true,\"message\":\"Ce champ est obligatoire\"}},\"file-upload\":{\"required\":{\"value\":false,\"message\":\"This field is required\"},\"max_file_size\":{\"value\":5242880,\"_valueFrom\":\"MB\",\"message\":\"La taille maximale des fichiers est de 5MB\"},\"max_file_count\":{\"value\":\"2\",\"message\":\"Vous pouvez t\\u00e9l\\u00e9charger au maximum 2 fichier\"},\"allowed_file_types\":{\"value\":[\"jpg|jpeg|gif|png|bmp\",\"pdf\",\"doc|ppt|pps|xls|mdb|docx|xlsx|pptx|odt|odp|ods|odg|odc|odb|odf|rtf|txt\",\"zip|gz|gzip|rar|7z\"],\"message\":\"Type de fichier non valide\"}},\"message\":{\"required\":{\"value\":true,\"message\":\"Ce champ est obligatoire\"}},\"gdpr-agreement\":{\"required\":{\"value\":true,\"message\":\"Ce champ est obligatoire\"}}}};\n                    <\/script>\n        <\/p>    <\/div>\n<\/div>\n<!-- \/module text -->                    <\/div><!-- .tb-column-inner -->\n                            <\/div><!-- .module_column -->\n            \t    <\/div><!-- .row_inner -->\n\t<\/div><!-- .module_row -->\n\t\t\t\t<!-- module_row -->\n\t<div  data-lazy=\"1\" class=\"module_row themify_builder_row tb_4zbj118 tf_w tf_clearfix\">\n\t    \t\t\t<div class=\"row_inner col_align_top tb_col_count_1 tf_box tf_rel\">\n\t\t            <div  data-lazy=\"1\" class=\"module_column tb-column col-full tb_twjs120 first\">\n                                                        <div class=\"tb-column-inner tf_box tf_w\">\n                        <!-- module widget -->\n<div  class=\"module module-widget tb_4ht6294  \" data-lazy=\"1\">\n\t<div class=\"widget layout-parts\"><div class=\"tb_layout_part_wrap tf_w\"><!--themify_builder_content-->\n    <div  class=\"themify_builder_content themify_builder_content-378 themify_builder not_editable_builder\" data-postid=\"378\">\n        \t\t\t<!-- module_row -->\n\t<div  data-css_id=\"uac7753\" data-lazy=\"1\" class=\"module_row themify_builder_row fullwidth_row_container tb_uac7753 tf_w tf_clearfix\">\n\t    \t\t\t<div class=\"row_inner col_align_top tb_col_count_1 tf_box tf_rel\">\n\t\t            <div  data-lazy=\"1\" class=\"module_column tb-column col-full tb_tx1y753 first\">\n                                                        <div class=\"tb-column-inner tf_box tf_w\">\n                        <!-- module text -->\n<div  class=\"module module-text tb_a0vu753  repeat \" data-lazy=\"1\">\n        <div  class=\"tb_text_wrap\">\n    <h2 style=\"text-align: center;\">Testimonials<\/h2>    <\/div>\n<\/div>\n<!-- \/module text --><!-- module plain text -->\n<div  class=\"module module-plain-text tb_axa7753  wow\" data-tf-animation=\"bounceInRight\" data-lazy=\"1\">\n        <div class=\"tb_text_wrap\">\n\t<!--[sp_testimonials_slider design=\"design-9\" arrows=\"false\" autoplay=\"false\"]-->\n<div class=\"ti-widget ti-goog\" data-layout-id=\"34\" data-set-id=\"light-background\" data-pid=\"b5167179c03e50ec942cb\" data-pager-autoplay-timeout=\"6\" > <div class=\"ti-widget-container ti-col-3\"> <div class=\"ti-header source-Google\"> <div class=\"ti-rating-text\"> <strong class=\"ti-rating\"> Excellent <\/strong> <\/div> <span class=\"ti-stars star-lg\"> <span class=\"ti-star f\"><\/span><span class=\"ti-star f\"><\/span><span class=\"ti-star f\"><\/span><span class=\"ti-star f\"><\/span><span class=\"ti-star f\"><\/span> <\/span> <div class=\"ti-rating-text\"> <span class=\"nowrap\">Based on <strong>4 reviews<\/strong><\/span> <\/div> <div class=\"ti-large-logo\"> <div class=\"ti-v-center\"> <img loading=\"lazy\" decoding=\"async\" class=\"ti-logo-fb\" src=\"https:\/\/cdn.trustindex.io\/assets\/platform\/Google\/logo.svg\" width=\"150\" height=\"25\" alt=\"Google\" width=\"150\" height=\"25\" \/> <\/div> <\/div> <\/div> <div class=\"ti-reviews-container\"> <div class=\"ti-controls\"> <div class=\"ti-next\"><\/div> <div class=\"ti-prev\"><\/div> <\/div> <div class=\"ti-reviews-container-wrapper\">  <div data-empty=\"0\" class=\"ti-review-item source-Google\" > <div class=\"ti-inner\"> <div class=\"ti-review-header\"> <div class=\"ti-profile-img\"> <img decoding=\"async\" src=\"https:\/\/lh3.googleusercontent.com\/a\/ALm5wu3XsrAG9BgKTalr0BvKldTaE0q7Rey1tMHpE66U=s120-c-c-rp-w64-h64-mo-br100\" alt=\"Tom Szu\" \/> <\/div> <div class=\"ti-profile-details\"> <div class=\"ti-name\"> Tom Szu <\/div> <div class=\"ti-date\">2022-11-30<\/div> <\/div> <\/div> <span class=\"ti-stars\"><span class=\"ti-star f\"><\/span><span class=\"ti-star f\"><\/span><span class=\"ti-star f\"><\/span><span class=\"ti-star f\"><\/span><span class=\"ti-star f\"><\/span><\/span> <div class=\"ti-review-content\"><!-- R-CONTENT -->We have received a professional advice when selecting the products. We are very happy with the installed windows. Quick delivery and smooth and clean fixing in renovation project.<!-- R-CONTENT --><\/div> <span class=\"ti-read-more\" data-container=\".ti-review-content\" data-collapse-text=\"Hide\" data-open-text=\"Read more\"><\/span> <\/div> <\/div>  <div data-empty=\"0\" class=\"ti-review-item source-Google\" > <div class=\"ti-inner\"> <div class=\"ti-review-header\"> <div class=\"ti-profile-img\"> <img decoding=\"async\" src=\"https:\/\/lh3.googleusercontent.com\/a-\/ACNPEu_Hs0xmgW3jUzJJdxZMi6z-KEaKvZ7mPMFj1hqDM6c=s120-c-c-rp-w64-h64-mo-br100\" alt=\"G Jevens\" \/> <\/div> <div class=\"ti-profile-details\"> <div class=\"ti-name\"> G Jevens <\/div> <div class=\"ti-date\">2022-11-30<\/div> <\/div> <\/div> <span class=\"ti-stars\"><span class=\"ti-star f\"><\/span><span class=\"ti-star f\"><\/span><span class=\"ti-star f\"><\/span><span class=\"ti-star f\"><\/span><span class=\"ti-star f\"><\/span><\/span> <div class=\"ti-review-content\"><!-- R-CONTENT -->Excellent friendly service, fast delivery and quick fitting. Very happy with the windows supplied. Highly recommended.<!-- R-CONTENT --><\/div> <span class=\"ti-read-more\" data-container=\".ti-review-content\" data-collapse-text=\"Hide\" data-open-text=\"Read more\"><\/span> <\/div> <\/div>  <div data-empty=\"0\" class=\"ti-review-item source-Google\" > <div class=\"ti-inner\"> <div class=\"ti-review-header\"> <div class=\"ti-profile-img\"> <img decoding=\"async\" src=\"https:\/\/lh3.googleusercontent.com\/a\/ALm5wu3rsD8O7n7WW4K4zKEQv5wGGseIghLE1vvh3l4v=s120-c-c-rp-w64-h64-mo-br100\" alt=\"Jc An\" \/> <\/div> <div class=\"ti-profile-details\"> <div class=\"ti-name\"> Jc An <\/div> <div class=\"ti-date\">2022-11-30<\/div> <\/div> <\/div> <span class=\"ti-stars\"><span class=\"ti-star f\"><\/span><span class=\"ti-star f\"><\/span><span class=\"ti-star f\"><\/span><span class=\"ti-star f\"><\/span><span class=\"ti-star f\"><\/span><\/span> <div class=\"ti-review-content\"><!-- R-CONTENT -->Besoins bien cern\u00e9s.Tr\u00e8s bonnes prestations professionnelles, adaptatives et flexibles, excellent rapport qualit\u00e9 prix et \u00e9quipe toujours \u00e0 l\u2019\u00e9coute. Je recommande KTB Montage!<!-- R-CONTENT --><\/div> <span class=\"ti-read-more\" data-container=\".ti-review-content\" data-collapse-text=\"Hide\" data-open-text=\"Read more\"><\/span> <\/div> <\/div>  <\/div> <div class=\"ti-controls-dots\"> <div class=\"dot active\"><\/div> <\/div> <\/div> <\/div> <\/div>    <\/div>\n<\/div>\n<!-- \/module plain text -->                    <\/div><!-- .tb-column-inner -->\n                            <\/div><!-- .module_column -->\n            \t    <\/div><!-- .row_inner -->\n\t<\/div><!-- .module_row -->\n\t    <\/div>\n<!--\/themify_builder_content--><\/div>\n<\/div><\/div>\n<!-- \/module widget -->\n                    <\/div><!-- .tb-column-inner -->\n                            <\/div><!-- .module_column -->\n            \t    <\/div><!-- .row_inner -->\n\t<\/div><!-- .module_row -->\n\t<\/div>\n<!--\/themify_builder_content-->","protected":false},"excerpt":{"rendered":"<p>Carri\u00e8re Si vous souhaitez travailler dans une entreprise dynamique et en croissance qui valorise les comp\u00e9tences et le d\u00e9vouement, songez \u00e0 vous joindre \u00e0 notre \u00e9quipe. Nous r\u00e9compensons la haute performance et appr\u00e9cions la volont\u00e9 d\u2019apprendre. Si vous souhaitez contribuer \u00e0 la croissance de notre entreprise et prioriser la satisfaction de nos clients, postulez ci-dessous. [&hellip;]<\/p>\n","protected":false},"author":1,"featured_media":0,"parent":0,"menu_order":0,"comment_status":"closed","ping_status":"closed","template":"","meta":{"footnotes":""},"class_list":["post-1469","page","type-page","status-publish","hentry","has-post-title","has-post-date","has-post-category","has-post-tag","has-post-comment","has-post-author",""],"builder_content":"<h1>Carri\u00e8re<\/h1>\n<p>Si vous souhaitez travailler dans une entreprise dynamique et en croissance qui valorise les comp\u00e9tences et le d\u00e9vouement, songez \u00e0 vous joindre \u00e0 notre \u00e9quipe. Nous r\u00e9compensons la haute performance et appr\u00e9cions la volont\u00e9 d\u2019apprendre. Si vous souhaitez contribuer \u00e0 la croissance de notre entreprise et prioriser la satisfaction de nos clients, postulez ci-dessous.<\/p>\n<p style=\"text-align: left;\">Commencez votre parcours d\u00e8s maintenant et rejoignez notre \u00e9quipe.<\/p>\n<img src=\"https:\/\/www.ktb.lu\/wp-content\/uploads\/2022\/11\/ktb-car-2.jpeg\" width=\"1024\" height=\"768\" title=\"Carri\u00e8re\" alt=\"Carri\u00e8re\">\n<p>[fluentform id=\"5\"]<\/p>\n<h2 style=\"text-align: center;\">Testimonials<\/h2> \n [trustindex no-registration=google]","_links":{"self":[{"href":"https:\/\/www.ktb.lu\/fr\/wp-json\/wp\/v2\/pages\/1469","targetHints":{"allow":["GET"]}}],"collection":[{"href":"https:\/\/www.ktb.lu\/fr\/wp-json\/wp\/v2\/pages"}],"about":[{"href":"https:\/\/www.ktb.lu\/fr\/wp-json\/wp\/v2\/types\/page"}],"author":[{"embeddable":true,"href":"https:\/\/www.ktb.lu\/fr\/wp-json\/wp\/v2\/users\/1"}],"replies":[{"embeddable":true,"href":"https:\/\/www.ktb.lu\/fr\/wp-json\/wp\/v2\/comments?post=1469"}],"version-history":[{"count":5,"href":"https:\/\/www.ktb.lu\/fr\/wp-json\/wp\/v2\/pages\/1469\/revisions"}],"predecessor-version":[{"id":1587,"href":"https:\/\/www.ktb.lu\/fr\/wp-json\/wp\/v2\/pages\/1469\/revisions\/1587"}],"wp:attachment":[{"href":"https:\/\/www.ktb.lu\/fr\/wp-json\/wp\/v2\/media?parent=1469"}],"curies":[{"name":"wp","href":"https:\/\/api.w.org\/{rel}","templated":true}]}}